{"id":134,"date":"2020-10-02T11:39:43","date_gmt":"2020-10-02T11:39:43","guid":{"rendered":"https:\/\/www.manuelj-design.at\/?page_id=134"},"modified":"2020-10-08T12:52:02","modified_gmt":"2020-10-08T12:52:02","slug":"impressum","status":"publish","type":"page","link":"https:\/\/www.manuelj-design.at\/index.php\/sample-page\/impressum\/","title":{"rendered":"Impressum"},"content":{"rendered":"\t\t<div data-elementor-type=\"wp-page\" data-elementor-id=\"134\" class=\"elementor elementor-134\">\n\t\t\t\t\t\t<div class=\"elementor-inner\">\n\t\t\t\t<div class=\"elementor-section-wrap\">\n\t\t\t\t\t\t\t\t\t<section class=\"elementor-section elementor-top-section elementor-element elementor-element-ca5c521 elementor-section-boxed elementor-section-height-default elementor-section-height-default\" data-id=\"ca5c521\" data-element_type=\"section\">\n\t\t\t\t\t\t<div class=\"elementor-container elementor-column-gap-default\">\n\t\t\t\t\t\t\t<div class=\"elementor-row\">\n\t\t\t\t\t<div class=\"elementor-column elementor-col-100 elementor-top-column elementor-element elementor-element-c65e682\" data-id=\"c65e682\" data-element_type=\"column\">\n\t\t\t<div class=\"elementor-column-wrap elementor-element-populated\">\n\t\t\t\t\t\t\t<div class=\"elementor-widget-wrap\">\n\t\t\t\t\t\t<div class=\"elementor-element elementor-element-ea4d8fe elementor-widget__width-inherit elementor-widget elementor-widget-image\" data-id=\"ea4d8fe\" data-element_type=\"widget\" data-widget_type=\"image.default\">\n\t\t\t\t<div class=\"elementor-widget-container\">\n\t\t\t\t\t\t\t\t<div class=\"elementor-image\">\n\t\t\t\t\t\t\t\t\t\t\t\t<img width=\"1444\" height=\"960\" src=\"https:\/\/www.manuelj-design.at\/wp-content\/uploads\/2020\/10\/DSC3041_web-1.jpg\" class=\"attachment-1536x1536 size-1536x1536\" alt=\"\" loading=\"lazy\" srcset=\"https:\/\/www.manuelj-design.at\/wp-content\/uploads\/2020\/10\/DSC3041_web-1.jpg 1444w, https:\/\/www.manuelj-design.at\/wp-content\/uploads\/2020\/10\/DSC3041_web-1-300x199.jpg 300w, https:\/\/www.manuelj-design.at\/wp-content\/uploads\/2020\/10\/DSC3041_web-1-1024x681.jpg 1024w, https:\/\/www.manuelj-design.at\/wp-content\/uploads\/2020\/10\/DSC3041_web-1-768x511.jpg 768w\" sizes=\"(max-width: 1444px) 100vw, 1444px\" \/>\t\t\t\t\t\t\t\t\t\t\t\t\t\t<\/div>\n\t\t\t\t\t\t<\/div>\n\t\t\t\t<\/div>\n\t\t\t\t\t\t<\/div>\n\t\t\t\t\t<\/div>\n\t\t<\/div>\n\t\t\t\t\t\t\t\t<\/div>\n\t\t\t\t\t<\/div>\n\t\t<\/section>\n\t\t\t\t<section class=\"elementor-section elementor-top-section elementor-element elementor-element-3aa0b29 elementor-section-full_width elementor-section-height-min-height elementor-section-height-default elementor-section-items-middle\" data-id=\"3aa0b29\" data-element_type=\"section\">\n\t\t\t\t\t\t<div class=\"elementor-container elementor-column-gap-default\">\n\t\t\t\t\t\t\t<div class=\"elementor-row\">\n\t\t\t\t\t<div class=\"elementor-column elementor-col-100 elementor-top-column elementor-element elementor-element-cab7bbe\" data-id=\"cab7bbe\" data-element_type=\"column\">\n\t\t\t<div class=\"elementor-column-wrap elementor-element-populated\">\n\t\t\t\t\t\t\t<div class=\"elementor-widget-wrap\">\n\t\t\t\t\t\t<div class=\"elementor-element elementor-element-dbf1346 elementor-widget elementor-widget-image\" data-id=\"dbf1346\" data-element_type=\"widget\" data-widget_type=\"image.default\">\n\t\t\t\t<div class=\"elementor-widget-container\">\n\t\t\t\t\t\t\t\t<div class=\"elementor-image\">\n\t\t\t\t\t\t\t\t\t\t\t\t<img width=\"1444\" height=\"960\" src=\"https:\/\/www.manuelj-design.at\/wp-content\/uploads\/2020\/10\/DSC3041_web-1.jpg\" class=\"attachment-full size-full\" alt=\"\" loading=\"lazy\" srcset=\"https:\/\/www.manuelj-design.at\/wp-content\/uploads\/2020\/10\/DSC3041_web-1.jpg 1444w, https:\/\/www.manuelj-design.at\/wp-content\/uploads\/2020\/10\/DSC3041_web-1-300x199.jpg 300w, https:\/\/www.manuelj-design.at\/wp-content\/uploads\/2020\/10\/DSC3041_web-1-1024x681.jpg 1024w, https:\/\/www.manuelj-design.at\/wp-content\/uploads\/2020\/10\/DSC3041_web-1-768x511.jpg 768w\" sizes=\"(max-width: 1444px) 100vw, 1444px\" \/>\t\t\t\t\t\t\t\t\t\t\t\t\t\t<\/div>\n\t\t\t\t\t\t<\/div>\n\t\t\t\t<\/div>\n\t\t\t\t\t\t<\/div>\n\t\t\t\t\t<\/div>\n\t\t<\/div>\n\t\t\t\t\t\t\t\t<\/div>\n\t\t\t\t\t<\/div>\n\t\t<\/section>\n\t\t\t\t<section class=\"elementor-section elementor-top-section elementor-element elementor-element-4862c71a elementor-section-boxed elementor-section-height-default elementor-section-height-default\" data-id=\"4862c71a\" data-element_type=\"section\">\n\t\t\t\t\t\t<div class=\"elementor-container elementor-column-gap-default\">\n\t\t\t\t\t\t\t<div class=\"elementor-row\">\n\t\t\t\t\t<div class=\"elementor-column elementor-col-100 elementor-top-column elementor-element elementor-element-16761a13\" data-id=\"16761a13\" data-element_type=\"column\">\n\t\t\t<div class=\"elementor-column-wrap elementor-element-populated\">\n\t\t\t\t\t\t\t<div class=\"elementor-widget-wrap\">\n\t\t\t\t\t\t<div class=\"elementor-element elementor-element-2784449e elementor-widget elementor-widget-text-editor\" data-id=\"2784449e\" data-element_type=\"widget\" data-widget_type=\"text-editor.default\">\n\t\t\t\t<div class=\"elementor-widget-container\">\n\t\t\t\t\t\t\t\t<div class=\"elementor-text-editor elementor-clearfix\">\n\t\t\t\t<!-- wp:paragraph -->\n<h1>IMPRESSUM<\/h1>\n<p>Alle Inhalte dienen der pers\u00f6nlichen Information. Eine Weiterverwendung und Reproduktion \u00fcber den pers\u00f6nlichen Gebrauch hinaus ist nicht gestattet. Bilder d\u00fcrfen nicht ohne vorherige ausdr\u00fcckliche schriftliche Genehmigung des jeweiligen Copyrightinhabers ver\u00f6ffentlicht oder weiterverbreitet werden, sei dies zu gewerblichen oder anderen Zwecken.<\/p>\n<!-- \/wp:paragraph --><!-- wp:paragraph -->\n<p>Zus\u00e4tzlich bedeutet ein Link (Hyperlink) oder eine andere Verbindung von dieser Internetseite zu einer fremden Internetseite nicht, dass der Inhalt dieser Seite gebilligt oder akzeptiert wird, noch, dass irgendeine Verantwortlichkeit f\u00fcr den Inhalt oder die Benutzung dieser Seiten getragen wird.<\/p>\n<!-- \/wp:paragraph --><!-- wp:paragraph -->\n<p>Des Weiteren dient der Inhalt dieser Webseite ausschlie\u00dflich als Portfolio.<\/p>\n<!-- \/wp:paragraph --><!-- wp:paragraph -->\n<p><strong>Copyrighthinweis:<\/strong><br \/>MJ DESIGN<br \/>Manuel Jost<br \/>Copyright 2020 by Manuel Jost<\/p>\n<!-- \/wp:paragraph --><!-- wp:paragraph -->\n<p><strong>Fotos:<\/strong><br \/>Manuel Jost<\/p>\n<!-- \/wp:paragraph --><!-- wp:paragraph -->\n<p><strong>Konzeption und Inhalt:<\/strong><br \/>Manuel Jost<\/p>\n<!-- \/wp:paragraph -->\t\t\t\t\t<\/div>\n\t\t\t\t\t\t<\/div>\n\t\t\t\t<\/div>\n\t\t\t\t\t\t<\/div>\n\t\t\t\t\t<\/div>\n\t\t<\/div>\n\t\t\t\t\t\t\t\t<\/div>\n\t\t\t\t\t<\/div>\n\t\t<\/section>\n\t\t\t\t\t\t\t\t\t<\/div>\n\t\t\t<\/div>\n\t\t\t\t\t<\/div>\n\t\t","protected":false},"excerpt":{"rendered":"<p>IMPRESSUM Alle Inhalte dienen der pers\u00f6nlichen Information. Eine Weiterverwendung und Reproduktion \u00fcber den pers\u00f6nlichen Gebrauch hinaus ist nicht gestattet. Bilder d\u00fcrfen nicht ohne vorherige ausdr\u00fcckliche schriftliche Genehmigung des jeweiligen Copyrightinhabers ver\u00f6ffentlicht oder weiterverbreitet werden, sei dies zu gewerblichen oder anderen Zwecken. Zus\u00e4tzlich bedeutet ein Link (Hyperlink) oder eine andere Verbindung von dieser Internetseite zu einer [&hellip;]<\/p>\n","protected":false},"author":1,"featured_media":0,"parent":2,"menu_order":0,"comment_status":"closed","ping_status":"closed","template":"elementor_canvas","meta":[],"_links":{"self":[{"href":"https:\/\/www.manuelj-design.at\/index.php\/wp-json\/wp\/v2\/pages\/134"}],"collection":[{"href":"https:\/\/www.manuelj-design.at\/index.php\/wp-json\/wp\/v2\/pages"}],"about":[{"href":"https:\/\/www.manuelj-design.at\/index.php\/wp-json\/wp\/v2\/types\/page"}],"author":[{"embeddable":true,"href":"https:\/\/www.manuelj-design.at\/index.php\/wp-json\/wp\/v2\/users\/1"}],"replies":[{"embeddable":true,"href":"https:\/\/www.manuelj-design.at\/index.php\/wp-json\/wp\/v2\/comments?post=134"}],"version-history":[{"count":14,"href":"https:\/\/www.manuelj-design.at\/index.php\/wp-json\/wp\/v2\/pages\/134\/revisions"}],"predecessor-version":[{"id":221,"href":"https:\/\/www.manuelj-design.at\/index.php\/wp-json\/wp\/v2\/pages\/134\/revisions\/221"}],"up":[{"embeddable":true,"href":"https:\/\/www.manuelj-design.at\/index.php\/wp-json\/wp\/v2\/pages\/2"}],"wp:attachment":[{"href":"https:\/\/www.manuelj-design.at\/index.php\/wp-json\/wp\/v2\/media?parent=134"}],"curies":[{"name":"wp","href":"https:\/\/api.w.org\/{rel}","templated":true}]}}